{"id":40,"date":"2026-03-28T22:31:42","date_gmt":"2026-03-28T22:31:42","guid":{"rendered":"https:\/\/angry-allen.185-223-31-153.plesk.page\/?page_id=40"},"modified":"2026-04-07T11:44:25","modified_gmt":"2026-04-07T09:44:25","slug":"fahrzeuge-2","status":"publish","type":"page","link":"https:\/\/urlaubflitzer.de\/?page_id=40","title":{"rendered":"Fahrzeuge"},"content":{"rendered":"\n<div class=\"wrap plugin-container\">\n\n\t\n\t\n\t<h3 class=\"vrc-main-title\">Urlaubflitzer<\/h3><div class=\"vrc-search-results-block vrc-search-results-block-list\">\r\n\r\n\t<div class=\"car_result\">\r\n\t\t<div class=\"vrc-car-result-left\">\r\n\t\t\t\t\t<img decoding=\"async\" class=\"imgresult\" alt=\"Chery Arrizo 5\" src=\"https:\/\/urlaubflitzer.de\/wp-content\/plugins\/vikrentcar\/admin\/resources\/r_20240204_151149.jpg\"\/>\r\n\t\t\t\t\t<\/div>\r\n\t\t<div class=\"vrc-car-result-right\">\r\n\t\t\t<div class=\"vrc-car-result-rightinner\">\r\n\t\t\t\t<div class=\"vrc-car-result-rightinner-deep\">\r\n\t\t\t\t\t<div class=\"vrc-car-result-inner\">\r\n\t\t\t\t\t\t<h4 class=\"vrc-car-name\">\r\n\t\t\t\t\t\t\t<a href=\"https:\/\/urlaubflitzer.de\/?page_id=40&amp;option=com_vikrentcar&amp;view=cardetails&amp;carid=2\">Chery Arrizo 5<\/a>\r\n\t\t\t\t\t\t<\/h4>\r\n\t\t\t\t\t\t\t\t\t\t\t<div class=\"vrc-car-category\">PKW<\/div>\r\n\t\t\t\t\t\t\t\t\t\t\t\t<div class=\"vrc-car-result-description\">\r\n\t\t\t\t\t\tUnser Arizzo verf\u00fcgt \u00fcber einen gro\u00dfen Kofferraum, ist komfortabel gefedert und bietet guten Fahrkomfort.\t\t\t\t\t\t<\/div>\r\n\t\t\t\t\t\t\t\t\t\t\t\t\t<div class=\"vrc-car-characteristics\">\r\n\t\t\t\t\t\t\t\t<div class=\"vrccaratsdiv\"><div class=\"vrccarcarat\"><span class=\"vrc-carat-cont\"><img decoding=\"async\" src=\"https:\/\/urlaubflitzer.de\/wp-content\/plugins\/vikrentcar\/admin\/resources\/r_car-air-conditioning-graphic-icon-600nw-2578249743.jpg\" alt=\"A\/C\" title=\"A\/C\"\/><\/span>\n<\/div><div class=\"vrccarcarat\"><span class=\"vrc-carat-cont\"><img decoding=\"async\" src=\"https:\/\/urlaubflitzer.de\/wp-content\/plugins\/vikrentcar\/admin\/resources\/r_2061963.png\" alt=\"Manuel\" title=\"Manuel\"\/><\/span>\n<\/div><\/div>\n\t\t\t\t\t\t\t<\/div>\r\n\t\t\t\t\t\t\t\t\t\t\t\t<\/div>\r\n\t\t\t\t\t<div class=\"vrc-car-lastblock\">\r\n\t\t\t\t\t\t<div class=\"vrc-car-price\">\r\n\t\t\t\t\t\t\t<div class=\"vrcsrowpricediv\">\r\n\t\t\t\t\t\t\t\t\t\t\t\t\t\t\t<span class=\"vrcstartfrom\">ab<\/span>\r\n\t\t\t\t\t\t\t\t<span class=\"car_cost\"><span class=\"vrc_currency\">\u20ac<\/span> <span class=\"vrc_price\">35.00<\/span><\/span>\r\n\t\t\t\t\t\t\t\t\t\t\t\t\t\t<\/div>\r\n\t\t\t\t\t\t<\/div>\r\n\t\t\t\t\t\t<div class=\"vrc-car-bookingbtn\">\r\n\t\t\t\t\t\t\t<span class=\"vrclistgoon\"><a class=\"btn vrc-pref-color-btn\" href=\"https:\/\/urlaubflitzer.de\/?page_id=40&amp;option=com_vikrentcar&amp;view=cardetails&amp;carid=2\">Details anzeigen<\/a><\/span>\r\n\t\t\t\t\t\t<\/div>\r\n\t\t\t\t\t<\/div>\r\n\t\t\t\t<\/div>\r\n\t\t\t<\/div>\r\n\t\t<\/div>\r\n\t<\/div>\r\n\t\t<div class=\"car_result\">\r\n\t\t<div class=\"vrc-car-result-left\">\r\n\t\t\t\t\t<img decoding=\"async\" class=\"imgresult\" alt=\"DFSK Glory 330S, 1.5 115PS\" src=\"https:\/\/urlaubflitzer.de\/wp-content\/plugins\/vikrentcar\/admin\/resources\/r_20230313_111931.jpg\"\/>\r\n\t\t\t\t\t<\/div>\r\n\t\t<div class=\"vrc-car-result-right\">\r\n\t\t\t<div class=\"vrc-car-result-rightinner\">\r\n\t\t\t\t<div class=\"vrc-car-result-rightinner-deep\">\r\n\t\t\t\t\t<div class=\"vrc-car-result-inner\">\r\n\t\t\t\t\t\t<h4 class=\"vrc-car-name\">\r\n\t\t\t\t\t\t\t<a href=\"https:\/\/urlaubflitzer.de\/?page_id=40&amp;option=com_vikrentcar&amp;view=cardetails&amp;carid=4\">DFSK Glory 330S, 1.5 115PS<\/a>\r\n\t\t\t\t\t\t<\/h4>\r\n\t\t\t\t\t\t\t\t\t\t\t<div class=\"vrc-car-category\">Van<\/div>\r\n\t\t\t\t\t\t\t\t\t\t\t\t<div class=\"vrc-car-result-description\">\r\n\t\t\t\t\t\tUnser 8-Sitzer in der Flotte, geeignet f\u00fcr Gro\u00dffamilien oder Kleingruppen. Er hat alles, was man f\u00fcr bequemes Reisen braucht: AC, Radio mit Bluetooth Verbindung, und R\u00fcckfahrkamera.\t\t\t\t\t\t<\/div>\r\n\t\t\t\t\t\t\t\t\t\t\t\t\t<div class=\"vrc-car-characteristics\">\r\n\t\t\t\t\t\t\t\t<div class=\"vrccaratsdiv\"><div class=\"vrccarcarat\"><span class=\"vrc-carat-cont\"><img decoding=\"async\" src=\"https:\/\/urlaubflitzer.de\/wp-content\/plugins\/vikrentcar\/admin\/resources\/r_car-air-conditioning-graphic-icon-600nw-2578249743.jpg\" alt=\"A\/C\" title=\"A\/C\"\/><\/span>\n<\/div><div class=\"vrccarcarat\"><span class=\"vrc-carat-cont\"><img decoding=\"async\" src=\"https:\/\/urlaubflitzer.de\/wp-content\/plugins\/vikrentcar\/admin\/resources\/r_2061963.png\" alt=\"Manuel\" title=\"Manuel\"\/><\/span>\n<\/div><div class=\"vrccarcarat\"><span class=\"vrc-carat-cont\"><img decoding=\"async\" src=\"https:\/\/urlaubflitzer.de\/wp-content\/plugins\/vikrentcar\/admin\/resources\/r_138338085-auto-symbol-mit-rckfahrkamera-vektor.jpg\" alt=\"R\u00fcckfahrkamera\" title=\"R\u00fcckfahrkamera\"\/><\/span>\n<\/div><\/div>\n\t\t\t\t\t\t\t<\/div>\r\n\t\t\t\t\t\t\t\t\t\t\t\t<\/div>\r\n\t\t\t\t\t<div class=\"vrc-car-lastblock\">\r\n\t\t\t\t\t\t<div class=\"vrc-car-price\">\r\n\t\t\t\t\t\t\t<div class=\"vrcsrowpricediv\">\r\n\t\t\t\t\t\t\t\t\t\t\t\t\t\t\t<span class=\"vrcstartfrom\">ab<\/span>\r\n\t\t\t\t\t\t\t\t<span class=\"car_cost\"><span class=\"vrc_currency\">\u20ac<\/span> <span class=\"vrc_price\">35.00<\/span><\/span>\r\n\t\t\t\t\t\t\t\t\t\t\t\t\t\t<\/div>\r\n\t\t\t\t\t\t<\/div>\r\n\t\t\t\t\t\t<div class=\"vrc-car-bookingbtn\">\r\n\t\t\t\t\t\t\t<span class=\"vrclistgoon\"><a class=\"btn vrc-pref-color-btn\" href=\"https:\/\/urlaubflitzer.de\/?page_id=40&amp;option=com_vikrentcar&amp;view=cardetails&amp;carid=4\">Details anzeigen<\/a><\/span>\r\n\t\t\t\t\t\t<\/div>\r\n\t\t\t\t\t<\/div>\r\n\t\t\t\t<\/div>\r\n\t\t\t<\/div>\r\n\t\t<\/div>\r\n\t<\/div>\r\n\t\t<div class=\"car_result\">\r\n\t\t<div class=\"vrc-car-result-left\">\r\n\t\t\t\t\t<img decoding=\"async\" class=\"imgresult\" alt=\"Lada Granta 1.6 (2023)\" src=\"https:\/\/urlaubflitzer.de\/wp-content\/plugins\/vikrentcar\/admin\/resources\/r_20230407_125026.jpg\"\/>\r\n\t\t\t\t\t<\/div>\r\n\t\t<div class=\"vrc-car-result-right\">\r\n\t\t\t<div class=\"vrc-car-result-rightinner\">\r\n\t\t\t\t<div class=\"vrc-car-result-rightinner-deep\">\r\n\t\t\t\t\t<div class=\"vrc-car-result-inner\">\r\n\t\t\t\t\t\t<h4 class=\"vrc-car-name\">\r\n\t\t\t\t\t\t\t<a href=\"https:\/\/urlaubflitzer.de\/?page_id=40&amp;option=com_vikrentcar&amp;view=cardetails&amp;carid=5\">Lada Granta 1.6 (2023)<\/a>\r\n\t\t\t\t\t\t<\/h4>\r\n\t\t\t\t\t\t\t\t\t\t\t<div class=\"vrc-car-category\">PKW<\/div>\r\n\t\t\t\t\t\t\t\t\t\t\t\t<div class=\"vrc-car-result-description\">\r\n\t\t\t\t\t\tUnser Lada verf\u00fcgt \u00fcber einen gro\u00dfen Kofferraum, ideal f\u00fcr Taucher oder Familien.\t\t\t\t\t\t<\/div>\r\n\t\t\t\t\t\t\t\t\t\t\t\t\t<div class=\"vrc-car-characteristics\">\r\n\t\t\t\t\t\t\t\t<div class=\"vrccaratsdiv\"><div class=\"vrccarcarat\"><span class=\"vrc-carat-cont\"><img decoding=\"async\" src=\"https:\/\/urlaubflitzer.de\/wp-content\/plugins\/vikrentcar\/admin\/resources\/r_car-air-conditioning-graphic-icon-600nw-2578249743.jpg\" alt=\"A\/C\" title=\"A\/C\"\/><\/span>\n<\/div><div class=\"vrccarcarat\"><span class=\"vrc-carat-cont\"><img decoding=\"async\" src=\"https:\/\/urlaubflitzer.de\/wp-content\/plugins\/vikrentcar\/admin\/resources\/r_2061963.png\" alt=\"Manuel\" title=\"Manuel\"\/><\/span>\n<\/div><\/div>\n\t\t\t\t\t\t\t<\/div>\r\n\t\t\t\t\t\t\t\t\t\t\t\t<\/div>\r\n\t\t\t\t\t<div class=\"vrc-car-lastblock\">\r\n\t\t\t\t\t\t<div class=\"vrc-car-price\">\r\n\t\t\t\t\t\t\t<div class=\"vrcsrowpricediv\">\r\n\t\t\t\t\t\t\t\t\t\t\t\t\t\t\t<span class=\"vrcstartfrom\">ab<\/span>\r\n\t\t\t\t\t\t\t\t<span class=\"car_cost\"><span class=\"vrc_currency\">\u20ac<\/span> <span class=\"vrc_price\">35.00<\/span><\/span>\r\n\t\t\t\t\t\t\t\t\t\t\t\t\t\t<\/div>\r\n\t\t\t\t\t\t<\/div>\r\n\t\t\t\t\t\t<div class=\"vrc-car-bookingbtn\">\r\n\t\t\t\t\t\t\t<span class=\"vrclistgoon\"><a class=\"btn vrc-pref-color-btn\" href=\"https:\/\/urlaubflitzer.de\/?page_id=40&amp;option=com_vikrentcar&amp;view=cardetails&amp;carid=5\">Details anzeigen<\/a><\/span>\r\n\t\t\t\t\t\t<\/div>\r\n\t\t\t\t\t<\/div>\r\n\t\t\t\t<\/div>\r\n\t\t\t<\/div>\r\n\t\t<\/div>\r\n\t<\/div>\r\n\t\t<div class=\"car_result\">\r\n\t\t<div class=\"vrc-car-result-left\">\r\n\t\t\t\t\t<img decoding=\"async\" class=\"imgresult\" alt=\"Baic Changhe Q35\" src=\"https:\/\/urlaubflitzer.de\/wp-content\/plugins\/vikrentcar\/admin\/resources\/r_screenshot_20241202_215803_facebook-high.jpg\"\/>\r\n\t\t\t\t\t<\/div>\r\n\t\t<div class=\"vrc-car-result-right\">\r\n\t\t\t<div class=\"vrc-car-result-rightinner\">\r\n\t\t\t\t<div class=\"vrc-car-result-rightinner-deep\">\r\n\t\t\t\t\t<div class=\"vrc-car-result-inner\">\r\n\t\t\t\t\t\t<h4 class=\"vrc-car-name\">\r\n\t\t\t\t\t\t\t<a href=\"https:\/\/urlaubflitzer.de\/?page_id=40&amp;option=com_vikrentcar&amp;view=cardetails&amp;carid=3\">Baic Changhe Q35<\/a>\r\n\t\t\t\t\t\t<\/h4>\r\n\t\t\t\t\t\t\t\t\t\t\t<div class=\"vrc-car-category\">SUV<\/div>\r\n\t\t\t\t\t\t\t\t\t\t\t\t<div class=\"vrc-car-result-description\">\r\n\t\t\t\t\t\tUnser SUV bietet Platz f\u00fcr 5 Personen, erh\u00f6te Bodenfreiheit f\u00fcr mehr Sicherheit bei den zahlreichen Bremsschwellen und l\u00e4sst sich nicht nur durch das stufenlose Automatikgetriebe entspannt im \u00e4gyptischen Verkehr bewegen.\t\t\t\t\t\t<\/div>\r\n\t\t\t\t\t\t\t\t\t\t\t\t\t<div class=\"vrc-car-characteristics\">\r\n\t\t\t\t\t\t\t\t<div class=\"vrccaratsdiv\"><div class=\"vrccarcarat\"><span class=\"vrc-carat-cont\"><img decoding=\"async\" src=\"https:\/\/urlaubflitzer.de\/wp-content\/plugins\/vikrentcar\/admin\/resources\/r_car-air-conditioning-graphic-icon-600nw-2578249743.jpg\" alt=\"A\/C\" title=\"A\/C\"\/><\/span>\n<\/div><div class=\"vrccarcarat\"><span class=\"vrc-carat-cont\"><img decoding=\"async\" src=\"https:\/\/urlaubflitzer.de\/wp-content\/plugins\/vikrentcar\/admin\/resources\/r_shifting-gears-icon-automatic-transmission-600nw-2196125921.jpg\" alt=\"Automatic\" title=\"Automatic\"\/><\/span>\n<\/div><\/div>\n\t\t\t\t\t\t\t<\/div>\r\n\t\t\t\t\t\t\t\t\t\t\t\t<\/div>\r\n\t\t\t\t\t<div class=\"vrc-car-lastblock\">\r\n\t\t\t\t\t\t<div class=\"vrc-car-price\">\r\n\t\t\t\t\t\t\t<div class=\"vrcsrowpricediv\">\r\n\t\t\t\t\t\t\t\t\t\t\t\t\t\t\t<span class=\"vrcstartfrom\">ab<\/span>\r\n\t\t\t\t\t\t\t\t<span class=\"car_cost\"><span class=\"vrc_currency\">\u20ac<\/span> <span class=\"vrc_price\">40.00<\/span><\/span>\r\n\t\t\t\t\t\t\t\t\t\t\t\t\t\t<\/div>\r\n\t\t\t\t\t\t<\/div>\r\n\t\t\t\t\t\t<div class=\"vrc-car-bookingbtn\">\r\n\t\t\t\t\t\t\t<span class=\"vrclistgoon\"><a class=\"btn vrc-pref-color-btn\" href=\"https:\/\/urlaubflitzer.de\/?page_id=40&amp;option=com_vikrentcar&amp;view=cardetails&amp;carid=3\">Details anzeigen<\/a><\/span>\r\n\t\t\t\t\t\t<\/div>\r\n\t\t\t\t\t<\/div>\r\n\t\t\t\t<\/div>\r\n\t\t\t<\/div>\r\n\t\t<\/div>\r\n\t<\/div>\r\n\t\t<div class=\"car_result\">\r\n\t\t<div class=\"vrc-car-result-left\">\r\n\t\t\t\t\t<img decoding=\"async\" class=\"imgresult\" alt=\"JAC J7, 1.5 Turbo, 177 PS\" src=\"https:\/\/urlaubflitzer.de\/wp-content\/plugins\/vikrentcar\/admin\/resources\/j7_1.jpg\"\/>\r\n\t\t\t\t\t<\/div>\r\n\t\t<div class=\"vrc-car-result-right\">\r\n\t\t\t<div class=\"vrc-car-result-rightinner\">\r\n\t\t\t\t<div class=\"vrc-car-result-rightinner-deep\">\r\n\t\t\t\t\t<div class=\"vrc-car-result-inner\">\r\n\t\t\t\t\t\t<h4 class=\"vrc-car-name\">\r\n\t\t\t\t\t\t\t<a href=\"https:\/\/urlaubflitzer.de\/?page_id=40&amp;option=com_vikrentcar&amp;view=cardetails&amp;carid=1\">JAC J7, 1.5 Turbo, 177 PS<\/a>\r\n\t\t\t\t\t\t<\/h4>\r\n\t\t\t\t\t\t\t\t\t\t\t<div class=\"vrc-car-category\">PKW<\/div>\r\n\t\t\t\t\t\t\t\t\t\t\t\t<div class=\"vrc-car-result-description\">\r\n\t\t\t\t\t\tUnser Luxusliner bietet s\u00e4mtlichen Komfort und man merkt sofort das der Hersteller zur VW-Gruppe geh\u00f6rt und dazu noch s\u00e4mtliche Extras an Bord hat\r\n\r\nDer j7 steht dem Audi A7 in nichts nach.\t\t\t\t\t\t<\/div>\r\n\t\t\t\t\t\t\t\t\t\t\t\t\t<div class=\"vrc-car-characteristics\">\r\n\t\t\t\t\t\t\t\t<div class=\"vrccaratsdiv\"><div class=\"vrccarcarat\"><span class=\"vrc-carat-cont\"><img decoding=\"async\" src=\"https:\/\/urlaubflitzer.de\/wp-content\/plugins\/vikrentcar\/admin\/resources\/r_car-air-conditioning-graphic-icon-600nw-2578249743.jpg\" alt=\"A\/C\" title=\"A\/C\"\/><\/span>\n<\/div><div class=\"vrccarcarat\"><span class=\"vrc-carat-cont\"><img decoding=\"async\" src=\"https:\/\/urlaubflitzer.de\/wp-content\/plugins\/vikrentcar\/admin\/resources\/r_png-clipart-carplay-apple-electric-car-project-graphics-car-text-logo.png\" alt=\"Apple CarPlay\" title=\"Apple CarPlay\"\/><\/span>\n<\/div><div class=\"vrccarcarat\"><span class=\"vrc-carat-cont\"><img decoding=\"async\" src=\"https:\/\/urlaubflitzer.de\/wp-content\/plugins\/vikrentcar\/admin\/resources\/r_shifting-gears-icon-automatic-transmission-600nw-2196125921.jpg\" alt=\"Automatic\" title=\"Automatic\"\/><\/span>\n<\/div><div class=\"vrccarcarat\"><span class=\"vrc-carat-cont\"><img decoding=\"async\" src=\"https:\/\/urlaubflitzer.de\/wp-content\/plugins\/vikrentcar\/admin\/resources\/r_138338085-auto-symbol-mit-rckfahrkamera-vektor.jpg\" alt=\"R\u00fcckfahrkamera\" title=\"R\u00fcckfahrkamera\"\/><\/span>\n<\/div><\/div>\n\t\t\t\t\t\t\t<\/div>\r\n\t\t\t\t\t\t\t\t\t\t\t\t<\/div>\r\n\t\t\t\t\t<div class=\"vrc-car-lastblock\">\r\n\t\t\t\t\t\t<div class=\"vrc-car-price\">\r\n\t\t\t\t\t\t\t<div class=\"vrcsrowpricediv\">\r\n\t\t\t\t\t\t\t\t\t\t\t\t\t\t\t<span class=\"vrcstartfrom\">ab<\/span>\r\n\t\t\t\t\t\t\t\t<span class=\"car_cost\"><span class=\"vrc_currency\">\u20ac<\/span> <span class=\"vrc_price\">55.00<\/span><\/span>\r\n\t\t\t\t\t\t\t\t\t\t\t\t\t\t<\/div>\r\n\t\t\t\t\t\t<\/div>\r\n\t\t\t\t\t\t<div class=\"vrc-car-bookingbtn\">\r\n\t\t\t\t\t\t\t<span class=\"vrclistgoon\"><a class=\"btn vrc-pref-color-btn\" href=\"https:\/\/urlaubflitzer.de\/?page_id=40&amp;option=com_vikrentcar&amp;view=cardetails&amp;carid=1\">Details anzeigen<\/a><\/span>\r\n\t\t\t\t\t\t<\/div>\r\n\t\t\t\t\t<\/div>\r\n\t\t\t\t<\/div>\r\n\t\t\t<\/div>\r\n\t\t<\/div>\r\n\t<\/div>\r\n\t<\/div>\r\n\r\n<script type=\"text\/javascript\">\r\njQuery(function() {\r\n\tif (jQuery('.car_result').length) {\r\n\t\tjQuery('.car_result').each(function() {\r\n\t\t\tvar car_img = jQuery(this).find('.vrc-car-result-left').find('img');\r\n\t\t\tif (car_img.length) {\r\n\t\t\t\tjQuery(this).find('.vrc-car-result-right').find('.vrc-car-result-rightinner').find('.vrc-car-result-rightinner-deep').find('.vrc-car-result-inner').css('min-height', car_img.height()+'px');\r\n\t\t\t}\r\n\t\t});\r\n\t};\r\n});\r\n<\/script>\r\n\n<\/div>\n\n","protected":false},"excerpt":{"rendered":"","protected":false},"author":1,"featured_media":0,"parent":0,"menu_order":0,"comment_status":"closed","ping_status":"closed","template":"","meta":{"footnotes":""},"class_list":["post-40","page","type-page","status-publish","hentry"],"_links":{"self":[{"href":"https:\/\/urlaubflitzer.de\/index.php?rest_route=\/wp\/v2\/pages\/40","targetHints":{"allow":["GET"]}}],"collection":[{"href":"https:\/\/urlaubflitzer.de\/index.php?rest_route=\/wp\/v2\/pages"}],"about":[{"href":"https:\/\/urlaubflitzer.de\/index.php?rest_route=\/wp\/v2\/types\/page"}],"author":[{"embeddable":true,"href":"https:\/\/urlaubflitzer.de\/index.php?rest_route=\/wp\/v2\/users\/1"}],"replies":[{"embeddable":true,"href":"https:\/\/urlaubflitzer.de\/index.php?rest_route=%2Fwp%2Fv2%2Fcomments&post=40"}],"version-history":[{"count":6,"href":"https:\/\/urlaubflitzer.de\/index.php?rest_route=\/wp\/v2\/pages\/40\/revisions"}],"predecessor-version":[{"id":77,"href":"https:\/\/urlaubflitzer.de\/index.php?rest_route=\/wp\/v2\/pages\/40\/revisions\/77"}],"wp:attachment":[{"href":"https:\/\/urlaubflitzer.de\/index.php?rest_route=%2Fwp%2Fv2%2Fmedia&parent=40"}],"curies":[{"name":"wp","href":"https:\/\/api.w.org\/{rel}","templated":true}]}}