{"id":21,"date":"2026-03-28T22:18:01","date_gmt":"2026-03-28T22:18:01","guid":{"rendered":"https:\/\/angry-allen.185-223-31-153.plesk.page\/?page_id=21"},"modified":"2026-03-28T22:20:09","modified_gmt":"2026-03-28T22:20:09","slug":"impressum","status":"publish","type":"page","link":"https:\/\/urlaubflitzer.de\/?page_id=21","title":{"rendered":"Impressum"},"content":{"rendered":"\n<p>Auto1 Rentals Hurghada<\/p>\n\n\n\n<p>Mubarak 7, 84517 Hurghada<\/p>\n\n\n\n<p>Red Sea Governate - \u00c4gypten<\/p>\n\n\n\n<p>Tel +20 1117563710<\/p>\n\n\n\n<p>+20 65 3534540<\/p>\n\n\n\n<p>Email:&nbsp;<a href=\"mailto:Hurghada@auto1rentals.de\">Hurghada@auto1rentals.de<\/a><\/p>\n\n\n\n<p>Gesch\u00e4ftsf\u00fchrer: Dr. oec. publ. Heiko Hoffmann<\/p>\n\n\n\n<p>Auto1 Rentals ist eine Firma der:<\/p>\n\n\n\n<p>Auto 1 Ltd.<\/p>\n\n\n\n<p>41 Dorset Avenue, Wigston, England, LE18 4WE<\/p>\n\n\n\n<p>Registrierungsnummer:&nbsp;<strong>15517405<\/strong><\/p>\n","protected":false},"excerpt":{"rendered":"<p>Auto1 Rentals Hurghada Mubarak 7, 84517 Hurghada Red Sea Governate - \u00c4gypten Tel +20 1117563710 +20 65 3534540 Email:&nbsp;Hurghada@auto1rentals.de Gesch\u00e4ftsf\u00fchrer: Dr. oec. publ. Heiko Hoffmann Auto1 Rentals ist eine Firma der: Auto 1 Ltd. 41 Dorset Avenue, Wigston, England, LE18 4WE Registrierungsnummer:&nbsp;15517405<\/p>\n","protected":false},"author":1,"featured_media":0,"parent":0,"menu_order":0,"comment_status":"closed","ping_status":"closed","template":"","meta":{"footnotes":""},"class_list":["post-21","page","type-page","status-publish","hentry"],"_links":{"self":[{"href":"https:\/\/urlaubflitzer.de\/index.php?rest_route=\/wp\/v2\/pages\/21","targetHints":{"allow":["GET"]}}],"collection":[{"href":"https:\/\/urlaubflitzer.de\/index.php?rest_route=\/wp\/v2\/pages"}],"about":[{"href":"https:\/\/urlaubflitzer.de\/index.php?rest_route=\/wp\/v2\/types\/page"}],"author":[{"embeddable":true,"href":"https:\/\/urlaubflitzer.de\/index.php?rest_route=\/wp\/v2\/users\/1"}],"replies":[{"embeddable":true,"href":"https:\/\/urlaubflitzer.de\/index.php?rest_route=%2Fwp%2Fv2%2Fcomments&post=21"}],"version-history":[{"count":2,"href":"https:\/\/urlaubflitzer.de\/index.php?rest_route=\/wp\/v2\/pages\/21\/revisions"}],"predecessor-version":[{"id":37,"href":"https:\/\/urlaubflitzer.de\/index.php?rest_route=\/wp\/v2\/pages\/21\/revisions\/37"}],"wp:attachment":[{"href":"https:\/\/urlaubflitzer.de\/index.php?rest_route=%2Fwp%2Fv2%2Fmedia&parent=21"}],"curies":[{"name":"wp","href":"https:\/\/api.w.org\/{rel}","templated":true}]}}