{"id":20,"date":"2026-03-28T22:18:01","date_gmt":"2026-03-28T22:18:01","guid":{"rendered":"https:\/\/angry-allen.185-223-31-153.plesk.page\/?page_id=20"},"modified":"2026-04-06T16:16:47","modified_gmt":"2026-04-06T16:16:47","slug":"agb","status":"publish","type":"page","link":"https:\/\/urlaubflitzer.de\/?page_id=20","title":{"rendered":"AGB"},"content":{"rendered":"\n<h2 class=\"wp-block-heading\"><strong><u>Mietwagenbedingungen<\/u><\/strong><\/h2>\n\n\n\n<p>1. Der Gesamtmietpreis und die Kaution sind im Voraus in bar oder per \u00dcberweisung zu entrichten. Kunden legen Reisepass und F\u00fchrerschein vor; das Unternehmen beh\u00e4lt Kopien beider Dokumente.<\/p>\n\n\n\n<p>2. Der Mietwagen muss zum vereinbarten Zeitpunkt zur\u00fcckgegeben werden. Bei Abholung nach 18:00 Uhr verk\u00fcrzt sich die R\u00fcckgabezeit auf 18:00 Uhr. Andernfalls wird eine zus\u00e4tzliche Tagesmiete berechnet. Bei R\u00fcckgaben zwischen 9:00 und 20:00 Uhr kann der Mietwagen vor Ort abgeholt werden. Die \u00dcbergabe kostet innerhalb Hurghada\/Zentrum 15 \u20ac, Flughafen\/Makady 25 \u20ac und Somabay 35 \u20ac. Gleiches gilt f\u00fcr die Abholung.<\/p>\n\n\n\n<p>3. Die Vertragsbedingungen sind fest und k\u00f6nnen nicht ge\u00e4ndert werden.<\/p>\n\n\n\n<p>4. Eine Vertragsverl\u00e4ngerung muss, je nach Verf\u00fcgbarkeit, mindestens 72 Stunden vor Vertragsende erfolgen, um die erforderlichen Dokumente auszustellen und die Zahlung abzuschlie\u00dfen.<\/p>\n\n\n\n<p>5. In folgenden F\u00e4llen ist der Vermieter berechtigt, den Vertrag fristlos zu k\u00fcndigen und das Fahrzeug sowie die Kaution einzubehalten:<\/p>\n\n\n\n<p>a. Missbrauch des Fahrzeugs oder Sch\u00e4den durch Verst\u00f6\u00dfe gegen Verkehrsregeln.<\/p>\n\n\n\n<p>b. Missbrauch des Fahrzeugs zur Verursachung eines Unfalls oder einer Gef\u00e4hrdung.<\/p>\n\n\n\n<p>c. Fahren unter Alkoholeinfluss oder durch eine im Vertrag nicht genannte Person.<\/p>\n\n\n\n<p>d. Rauchen im Fahrzeug.<\/p>\n\n\n\n<p>e. Fahren au\u00dferhalb des angegebenen Bereichs.<\/p>\n\n\n\n<p>f. Fahren auf unbefestigten Stra\u00dfen.<\/p>\n\n\n\n<p>g. Transport von M\u00f6beln, Baumaterialien, Tieren und sperrigen Gegenst\u00e4nden.<\/p>\n\n\n\n<p>h. Gewerbliche Nutzung des Fahrzeugs.<\/p>\n\n\n\n<p>6. Das Fahrzeug darf nur auf den Stra\u00dfen zwischen El Gouna und Safaga gefahren und nur zur Personenbef\u00f6rderung gem\u00e4\u00df den in der Lizenz angegebenen Bedingungen verwendet werden.<\/p>\n\n\n\n<p>7. Der Mieter \u00fcbernimmt die volle Verantwortung f\u00fcr Verkehrsverst\u00f6\u00dfe, Personensch\u00e4den oder Fahrzeugsch\u00e4den.<\/p>\n\n\n\n<p>8. Transport von M\u00f6beln, Baumaterialien, Tieren und sperrigen Gegenst\u00e4nden.<\/p>\n\n\n\n<p>9. Dauert die Reparatur l\u00e4nger als eine Woche, wird das Fahrzeug durch ein gleichwertiges Fahrzeug ersetzt. Ist dies nicht m\u00f6glich, wird die anteilige Miete zur\u00fcckerstattet.<\/p>\n\n\n\n<p>10. Der Kunde darf ohne Zustimmung des Vermieters keine Reparaturen am Fahrzeug durchf\u00fchren. Andernfalls ist der Vermieter berechtigt, dem Kunden die Kosten der Nachbearbeitung in Rechnung zu stellen oder den Vertrag zu k\u00fcndigen.<\/p>\n\n\n\n<p>11. Der Mietpreis wird w\u00e4hrend einer Reparatur, Wartung oder Erneuerung des Rochsa bis zu 30 Tagen berechnet.<\/p>\n\n\n\n<p>12. Das Fahrzeug muss dem Vermieter kostenlos zur Wartung \u00fcberlassen werden.<\/p>\n\n\n\n<p>13. Bei Verlust oder Entzug des Fahrzeugscheins werden 10.000 LE berechnet. Bei Verlust oder Entfernung des Kennzeichens fallen 8.000 LE an.<\/p>\n\n\n\n<p>14. Sch\u00e4den am Unterboden, an Glas und Reifen gehen zu Lasten des Kunden.<\/p>\n\n\n\n<p>15. Bei Langzeitmieten ist die Miete monatlich im Voraus in bar im Fair Auto1 Rentals B\u00fcro zu entrichten. Bei Zahlungsverzug kann der Vertrag fristlos gek\u00fcndigt werden.<\/p>\n\n\n\n<p>16. Bei Langzeitmieten kann der Vertrag mit Zahlung der Miete f\u00fcr den Folgemonat gek\u00fcndigt werden.<\/p>\n\n\n\n<p>17. Im Falle eines Unfalls muss Urlaubflitzer unverz\u00fcglich unter +20 1117563710 informiert werden. Bei einem unverschuldeten Unfall haftet der Mieter maximal bis zur H\u00f6he der Kaution.<\/p>\n\n\n\n<p>Die Versicherung beinhaltet eine Vollkaskoversicherung (CDW) mit Selbstbeteiligung. Selbstbeteiligung: 1.000 \u20ac. Eine Kaution von 400,00 \u20ac ist obligatorisch und muss vorab in bar oder per \u00dcberweisung auf eines unserer Konten hinterlegt werden. Im Falle eines Diebstahls haften Sie f\u00fcr den vollen Wert des Fahrzeugs. Sch\u00e4den, die durch unvorsichtiges Fahren, \u00fcberh\u00f6hte Geschwindigkeit oder vors\u00e4tzliche Besch\u00e4digung entstehen, sind nicht versichert. Reifen- und Unterbodensch\u00e4den sind nicht versichert und liegen in der alleinigen Verantwortung des Kunden. Kilometerleistung: 100 km pro Tag, 2500 km pro Monat<\/p>\n\n\n\n<p>Jede Kfz-Versicherung ist nur in Verbindung mit einem internationalen oder \u00e4gyptischen F\u00fchrerschein g\u00fcltig.<\/p>\n\n\n\n<p>18. Langzeitmieten werden in \u00c4gyptischen Pfund abgerechnet und erh\u00f6hen sich j\u00e4hrlich um 10 %. Sollte das \u00c4gyptische Pfund innerhalb dieses Jahres um mehr als 5 % fallen (1 \u20ac entspricht ca. 50 LE, Stand 24.06.), wird die Miete entsprechend angepasst.<\/p>\n\n\n\n<p>19 Tankregelung: Die Fahrzeuge werden vollgetankt \u00fcbergeben. Wird das Fahrzeug nicht vollgetankt zur\u00fcckgegeben, f\u00e4llt eine Tankgeb\u00fchr von 20,00 \u20ac zuz\u00fcglich der Kosten f\u00fcr den fehlenden Kraftstoff an.<\/p>\n\n\n\n<p>20 Zusatzfahrer: 11,00 \u20ac pro Tag, maximal 165,00 \u20ac pro Anmietung (Preis pro Zusatzfahrer).<\/p>\n\n\n\n<p>21 Mindestalter: 21 Jahre mit 1 Jahr Fahrerfahrung. Es gibt kein H\u00f6chstalter, solange Sie einen g\u00fcltigen F\u00fchrerschein besitzen. Zuschlag f\u00fcr junge Fahrer: 12,00 \u20ac pro Tag, maximal 180,00 \u20ac.<\/p>\n\n\n\n<p>Bitte beachten Sie: Wenn Sie keinen \u00e4gyptischen F\u00fchrerschein besitzen, ben\u00f6tigen Sie zur Anmietung des Fahrzeugs zus\u00e4tzlich zu Ihrem Originalf\u00fchrerschein einen internationalen F\u00fchrerschein. Ist Ihr F\u00fchrerschein nicht in lateinischer Schrift (Arabisch, Chinesisch, Japanisch, Kyrillisch usw.) ausgestellt, muss dieser durch einen internationalen F\u00fchrerschein erg\u00e4nzt werden.<\/p>\n\n\n\n<p>22 Schadenbearbeitungsgeb\u00fchr: 100 \u20ac<\/p>\n\n\n\n<p>23 Gerichtsstand ist Hurghada.<\/p>\n\n\n\n<p><\/p>\n","protected":false},"excerpt":{"rendered":"<p>Mietwagenbedingungen 1. Der Gesamtmietpreis und die Kaution sind im Voraus in bar oder per \u00dcberweisung zu entrichten. Kunden legen Reisepass und F\u00fchrerschein vor; das Unternehmen beh\u00e4lt Kopien beider Dokumente. 2. Der Mietwagen muss zum vereinbarten Zeitpunkt zur\u00fcckgegeben werden. Bei Abholung nach 18:00 Uhr verk\u00fcrzt sich die R\u00fcckgabezeit auf 18:00 Uhr. [&hellip;]<\/p>\n","protected":false},"author":1,"featured_media":0,"parent":0,"menu_order":0,"comment_status":"closed","ping_status":"closed","template":"","meta":{"footnotes":""},"class_list":["post-20","page","type-page","status-publish","hentry"],"_links":{"self":[{"href":"https:\/\/urlaubflitzer.de\/index.php?rest_route=\/wp\/v2\/pages\/20","targetHints":{"allow":["GET"]}}],"collection":[{"href":"https:\/\/urlaubflitzer.de\/index.php?rest_route=\/wp\/v2\/pages"}],"about":[{"href":"https:\/\/urlaubflitzer.de\/index.php?rest_route=\/wp\/v2\/types\/page"}],"author":[{"embeddable":true,"href":"https:\/\/urlaubflitzer.de\/index.php?rest_route=\/wp\/v2\/users\/1"}],"replies":[{"embeddable":true,"href":"https:\/\/urlaubflitzer.de\/index.php?rest_route=%2Fwp%2Fv2%2Fcomments&post=20"}],"version-history":[{"count":4,"href":"https:\/\/urlaubflitzer.de\/index.php?rest_route=\/wp\/v2\/pages\/20\/revisions"}],"predecessor-version":[{"id":63,"href":"https:\/\/urlaubflitzer.de\/index.php?rest_route=\/wp\/v2\/pages\/20\/revisions\/63"}],"wp:attachment":[{"href":"https:\/\/urlaubflitzer.de\/index.php?rest_route=%2Fwp%2Fv2%2Fmedia&parent=20"}],"curies":[{"name":"wp","href":"https:\/\/api.w.org\/{rel}","templated":true}]}}