{"id":18,"date":"2026-03-28T22:18:00","date_gmt":"2026-03-28T22:18:00","guid":{"rendered":"https:\/\/angry-allen.185-223-31-153.plesk.page\/?page_id=18"},"modified":"2026-03-28T22:18:34","modified_gmt":"2026-03-28T22:18:34","slug":"informationen","status":"publish","type":"page","link":"https:\/\/urlaubflitzer.de\/?page_id=18","title":{"rendered":"Informationen"},"content":{"rendered":"\n<p>Wir bieten Ihnen technisch und optisch einwandfreie Fahrzeuge f\u00fcr Ihren Urlaub.<\/p>\n\n\n\n<p>Unsere Fahrzeuge stehen unter der st\u00e4ndigen technischen Kontrolle eines deutschen Kfz-Meisters.<\/p>\n\n\n\n<p>Ob Sie Ausfl\u00fcge in und um Hurghada planen oder mit Tauchgep\u00e4ck eine der zahlreichen Tauchbasen besuchen m\u00f6chten, wir haben das passende Fahrzeug f\u00fcr Sie.<\/p>\n\n\n\n<p>Sie k\u00f6nnen vom Kleinwagen \u00fcber Limousine bis zum Van mit 8 Sitzpl\u00e4tzen w\u00e4hlen.<\/p>\n\n\n\n<p>Unsere Fahrzeuge sind f\u00fcr Kurz- und Langzeitmiete verf\u00fcgbar.<\/p>\n\n\n\n<p><strong>Sie erhalten ein Rundum-Sorglos-Paket ohne versteckte Kosten welches Vollkasko Versicherung, Kundendienste, eventuelle Reparaturen, Tourismusabgabe und Tageskilometer enth\u00e4lt.<\/strong><\/p>\n\n\n\n<p>Im Schadensfall wird die Abwicklung von uns durchgef\u00fchrt.<\/p>\n\n\n\n<p>Da kurzfrisig nur selten Fahrzeuge verf\u00fcgbar sind bitten wir Sie uns mindestens 1 Woche, besser 2 bis 3 Wochen vor Mietbeginn zu kontaktieren.<\/p>\n\n\n\n<p><\/p>\n","protected":false},"excerpt":{"rendered":"<p>Wir bieten Ihnen technisch und optisch einwandfreie Fahrzeuge f\u00fcr Ihren Urlaub. Unsere Fahrzeuge stehen unter der st\u00e4ndigen technischen Kontrolle eines deutschen Kfz-Meisters. Ob Sie Ausfl\u00fcge in und um Hurghada planen oder mit Tauchgep\u00e4ck eine der zahlreichen Tauchbasen besuchen m\u00f6chten, wir haben das passende Fahrzeug f\u00fcr Sie. Sie k\u00f6nnen vom Kleinwagen [&hellip;]<\/p>\n","protected":false},"author":1,"featured_media":0,"parent":0,"menu_order":0,"comment_status":"closed","ping_status":"closed","template":"","meta":{"footnotes":""},"class_list":["post-18","page","type-page","status-publish","hentry"],"_links":{"self":[{"href":"https:\/\/urlaubflitzer.de\/index.php?rest_route=\/wp\/v2\/pages\/18","targetHints":{"allow":["GET"]}}],"collection":[{"href":"https:\/\/urlaubflitzer.de\/index.php?rest_route=\/wp\/v2\/pages"}],"about":[{"href":"https:\/\/urlaubflitzer.de\/index.php?rest_route=\/wp\/v2\/types\/page"}],"author":[{"embeddable":true,"href":"https:\/\/urlaubflitzer.de\/index.php?rest_route=\/wp\/v2\/users\/1"}],"replies":[{"embeddable":true,"href":"https:\/\/urlaubflitzer.de\/index.php?rest_route=%2Fwp%2Fv2%2Fcomments&post=18"}],"version-history":[{"count":2,"href":"https:\/\/urlaubflitzer.de\/index.php?rest_route=\/wp\/v2\/pages\/18\/revisions"}],"predecessor-version":[{"id":34,"href":"https:\/\/urlaubflitzer.de\/index.php?rest_route=\/wp\/v2\/pages\/18\/revisions\/34"}],"wp:attachment":[{"href":"https:\/\/urlaubflitzer.de\/index.php?rest_route=%2Fwp%2Fv2%2Fmedia&parent=18"}],"curies":[{"name":"wp","href":"https:\/\/api.w.org\/{rel}","templated":true}]}}